{"id":12,"date":"2019-05-24T00:23:29","date_gmt":"2019-05-24T00:23:29","guid":{"rendered":"http:\/\/elhacedordeluces.com.ar\/wp\/?page_id=12"},"modified":"2020-06-23T02:43:27","modified_gmt":"2020-06-23T02:43:27","slug":"biografia","status":"publish","type":"page","link":"https:\/\/elhacedordeluces.com.ar\/wp\/?page_id=12","title":{"rendered":"Biograf\u00eda"},"content":{"rendered":"\n<div class=\"wp-block-media-text alignwide has-media-on-the-right is-stacked-on-mobile\"><figure class=\"wp-block-media-text__media\"><img loading=\"lazy\" decoding=\"async\" width=\"524\" height=\"717\" src=\"http:\/\/elhacedordeluces.com.ar\/wp\/wp-content\/uploads\/2020\/06\/jorge-1.png\" alt=\"\" class=\"wp-image-95\" srcset=\"https:\/\/elhacedordeluces.com.ar\/wp\/wp-content\/uploads\/2020\/06\/jorge-1.png 524w, https:\/\/elhacedordeluces.com.ar\/wp\/wp-content\/uploads\/2020\/06\/jorge-1-219x300.png 219w\" sizes=\"auto, (max-width: 524px) 100vw, 524px\" \/><\/figure><div class=\"wp-block-media-text__content\">\n<p class=\"has-large-font-size\">Jorge Mario D&#8217;Addario<\/p>\n<\/div><\/div>\n\n\n\n<p>Jorge Mario D\u2019Addario, naci\u00f3 el 11 de julio de 1951 en Parque Patricios. Estudi\u00f3 medicina en la Universidad de Buenos Aires, recibi\u00e9ndose de m\u00e9dico en 1978. Se especializ\u00f3 en pediatr\u00eda y medicina comunitaria, tambi\u00e9n realiz\u00f3 estudios de medicina legal y cardiolog\u00eda. Est\u00e1 casado con Mar\u00eda Teresa Mixich, su compa\u00f1era inseparable desde hace casi 42 a\u00f1os y madre de sus tres hijos, Luciano, Gabriela y Marina.<\/p>\n\n\n\n<p>Toda su trayectoria trabaj\u00f3 incansablemente en distintos hospitales y centros de salud p\u00fablicos, luchando siempre por el derecho a la salud p\u00fablica y gratuita. Al jubilarse, en 2018, luego de casi 39 a\u00f1os de trabajo, abraz\u00f3 un nuevo camino, la escritura, en la que comenz\u00f3 a desandar historias pasadas, vivencias personales y personajes que entremezclan emociones propias y ajenas, verdades relativas y peque\u00f1as historias que todav\u00eda merodean por el barrio de la infancia y la adolescencia pero que tambi\u00e9n son un puente entre lo \u00edntimo y lo social y transitan distintas \u00e9pocas, personajes y situaciones.<\/p>\n","protected":false},"excerpt":{"rendered":"<p>Jorge Mario D&#8217;Addario Jorge Mario D\u2019Addario, naci\u00f3 el 11 de julio de 1951 en Parque Patricios. Estudi\u00f3 medicina en la Universidad de Buenos Aires, recibi\u00e9ndose de m\u00e9dico en 1978. Se especializ\u00f3 en pediatr\u00eda y medicina comunitaria, tambi\u00e9n realiz\u00f3 estudios de medicina legal y cardiolog\u00eda. Est\u00e1 casado con Mar\u00eda Teresa Mixich, su compa\u00f1era inseparable desde hace [&hellip;]<\/p>\n","protected":false},"author":1,"featured_media":0,"parent":0,"menu_order":0,"comment_status":"closed","ping_status":"closed","template":"","meta":{"footnotes":""},"class_list":["post-12","page","type-page","status-publish","hentry"],"_links":{"self":[{"href":"https:\/\/elhacedordeluces.com.ar\/wp\/index.php?rest_route=\/wp\/v2\/pages\/12","targetHints":{"allow":["GET"]}}],"collection":[{"href":"https:\/\/elhacedordeluces.com.ar\/wp\/index.php?rest_route=\/wp\/v2\/pages"}],"about":[{"href":"https:\/\/elhacedordeluces.com.ar\/wp\/index.php?rest_route=\/wp\/v2\/types\/page"}],"author":[{"embeddable":true,"href":"https:\/\/elhacedordeluces.com.ar\/wp\/index.php?rest_route=\/wp\/v2\/users\/1"}],"replies":[{"embeddable":true,"href":"https:\/\/elhacedordeluces.com.ar\/wp\/index.php?rest_route=%2Fwp%2Fv2%2Fcomments&post=12"}],"version-history":[{"count":4,"href":"https:\/\/elhacedordeluces.com.ar\/wp\/index.php?rest_route=\/wp\/v2\/pages\/12\/revisions"}],"predecessor-version":[{"id":97,"href":"https:\/\/elhacedordeluces.com.ar\/wp\/index.php?rest_route=\/wp\/v2\/pages\/12\/revisions\/97"}],"wp:attachment":[{"href":"https:\/\/elhacedordeluces.com.ar\/wp\/index.php?rest_route=%2Fwp%2Fv2%2Fmedia&parent=12"}],"curies":[{"name":"wp","href":"https:\/\/api.w.org\/{rel}","templated":true}]}}